{"id":179,"date":"2025-09-27T13:46:50","date_gmt":"2025-09-27T11:46:50","guid":{"rendered":"https:\/\/iranmedbank.info\/es\/?page_id=179"},"modified":"2025-09-27T13:50:34","modified_gmt":"2025-09-27T11:50:34","slug":"root-canal-therapy-in-iran","status":"publish","type":"page","link":"https:\/\/iranmedbank.info\/es\/medical-treatments\/root-canal-therapy-in-iran\/","title":{"rendered":"Terapia de Conducto Radicular en Ir\u00e1n"},"content":{"rendered":"\t\t<div data-elementor-type=\"wp-page\" data-elementor-id=\"179\" class=\"elementor elementor-179\" data-elementor-post-type=\"page\">\n\t\t\t\t<div class=\"elementor-element elementor-element-1f7711c2 e-con-full e-flex e-con e-parent\" data-id=\"1f7711c2\" data-element_type=\"container\" data-settings=\"{&quot;background_background&quot;:&quot;classic&quot;}\">\n\t\t\t\t<div class=\"elementor-element elementor-element-7092c267 elementor--h-position-left elementor--v-position-middle elementor-arrows-position-inside elementor-pagination-position-inside elementor-widget elementor-widget-slides\" data-id=\"7092c267\" data-element_type=\"widget\" data-settings=\"{&quot;navigation&quot;:&quot;both&quot;,&quot;transition&quot;:&quot;slide&quot;,&quot;transition_speed&quot;:500}\" data-widget_type=\"slides.default\">\n\t\t\t\t\t\t\t\t\t\t<div class=\"elementor-slides-wrapper elementor-main-swiper swiper\" role=\"region\" aria-roledescription=\"carousel\" aria-label=\"Slider\" dir=\"ltr\" data-animation=\"fadeInUp\">\n\t\t\t\t<div class=\"swiper-wrapper elementor-slides\">\n\t\t\t\t\t\t\t\t\t\t<div class=\"elementor-repeater-item-70dd2f2 swiper-slide\" role=\"group\" aria-roledescription=\"slide\"><div class=\"swiper-slide-bg\" role=\"img\"><\/div><div class=\"swiper-slide-inner\" ><div class=\"swiper-slide-contents\"><div class=\"elementor-slide-heading\"><h1>Terapia de Conducto Radicular en Ir\u00e1n<\/h1><\/div><\/div><\/div><\/div>\t\t\t\t<\/div>\n\t\t\t\t\t\t\t<\/div>\n\t\t\t\t\t\t\t\t<\/div>\n\t\t\t\t<\/div>\n\t\t\t\t<section class=\"elementor-section elementor-top-section elementor-element elementor-element-51f5d9a1 elementor-section-stretched elementor-section-full_width elementor-section-height-default elementor-section-height-default\" data-id=\"51f5d9a1\" data-element_type=\"section\" data-settings=\"{&quot;stretch_section&quot;:&quot;section-stretched&quot;,&quot;background_background&quot;:&quot;classic&quot;}\">\n\t\t\t\t\t\t<div class=\"elementor-container elementor-column-gap-default\">\n\t\t\t\t\t<div class=\"elementor-column elementor-col-50 elementor-top-column elementor-element elementor-element-1e431a40 elementor-invisible\" data-id=\"1e431a40\" data-element_type=\"column\" data-settings=\"{&quot;animation&quot;:&quot;fadeInUp&quot;}\">\n\t\t\t<div class=\"elementor-widget-wrap elementor-element-populated\">\n\t\t\t\t\t\t<section class=\"elementor-section elementor-inner-section elementor-element elementor-element-7f9790a9 elementor-section-boxed elementor-section-height-default elementor-section-height-default\" data-id=\"7f9790a9\" data-element_type=\"section\">\n\t\t\t\t\t\t<div class=\"elementor-container elementor-column-gap-default\">\n\t\t\t\t\t<div class=\"elementor-column elementor-col-100 elementor-inner-column elementor-element elementor-element-f787abe\" data-id=\"f787abe\" data-element_type=\"column\">\n\t\t\t<div class=\"elementor-widget-wrap elementor-element-populated\">\n\t\t\t\t\t\t<div class=\"elementor-element elementor-element-62464897 animated-fast elementor-widget elementor-widget-heading\" data-id=\"62464897\" data-element_type=\"widget\" data-settings=\"{&quot;_animation&quot;:&quot;none&quot;,&quot;_animation_delay&quot;:300}\" data-widget_type=\"heading.default\">\n\t\t\t\t\t<h2 class=\"elementor-heading-title elementor-size-default\">Terapia de Conducto Radicular en Ir\u00e1n\n<\/h2>\t\t\t\t<\/div>\n\t\t\t\t<div class=\"elementor-element elementor-element-10a56242 animated-fast elementor-widget elementor-widget-text-editor\" data-id=\"10a56242\" data-element_type=\"widget\" data-settings=\"{&quot;_animation&quot;:&quot;none&quot;,&quot;_animation_delay&quot;:500}\" data-widget_type=\"text-editor.default\">\n\t\t\t\t\t\t\t\t\t<p>Reconstruya su sonrisa sin dolor: Obtenga en Ir\u00e1n una terapia de conducto radicular excelente, econ\u00f3mica y precisa.<\/p><p>Aseg\u00farese de buscar la ayuda de Iran Medbank para realizar una terapia de conducto radicular en Ir\u00e1n con excelentes resultados a precios sorprendentes, para obtener los mejores y m\u00e1s avanzados tratamientos endod\u00f3nticos en su \u00e1rea con menos del 20% del costo normal, que es aproximadamente $200 por terapia de conducto radicular. Iran Medbank tambi\u00e9n ofrece el tipo de apoyo al paciente desde el diagn\u00f3stico hasta la atenci\u00f3n postoperatoria que otras redes de salud dif\u00edcilmente proporcionan, mientras disfruta de una visita con las maravillas de Ir\u00e1n. La confianza de Iran Medbank garantiza un dolor m\u00ednimo, las tasas m\u00e1s altas de \u00e9xito y planes individuales, que hacen de la conservaci\u00f3n dental no solo una opci\u00f3n f\u00e1cil sino confiable para quienes visitan el pa\u00eds.<\/p>\t\t\t\t\t\t\t\t<\/div>\n\t\t\t\t\t<\/div>\n\t\t<\/div>\n\t\t\t\t\t<\/div>\n\t\t<\/section>\n\t\t\t\t\t<\/div>\n\t\t<\/div>\n\t\t\t\t<div class=\"elementor-column elementor-col-50 elementor-top-column elementor-element elementor-element-5f31738 elementor-invisible\" data-id=\"5f31738\" data-element_type=\"column\" data-settings=\"{&quot;animation&quot;:&quot;slideInDown&quot;}\">\n\t\t\t<div class=\"elementor-widget-wrap elementor-element-populated\">\n\t\t\t\t\t\t<div class=\"elementor-element elementor-element-75c62971 elementor-widget elementor-widget-image\" data-id=\"75c62971\" data-element_type=\"widget\" data-widget_type=\"image.default\">\n\t\t\t\t\t\t\t\t\t\t\t\t\t\t\t<img fetchpriority=\"high\" decoding=\"async\" width=\"667\" height=\"1000\" src=\"https:\/\/iranmedbank.info\/es\/wp-content\/uploads\/2025\/09\/Untitled-6.webp\" class=\"attachment-large size-large wp-image-204\" alt=\"\" srcset=\"https:\/\/iranmedbank.info\/es\/wp-content\/uploads\/2025\/09\/Untitled-6.webp 667w, https:\/\/iranmedbank.info\/es\/wp-content\/uploads\/2025\/09\/Untitled-6-200x300.webp 200w\" sizes=\"(max-width: 667px) 100vw, 667px\" \/>\t\t\t\t\t\t\t\t\t\t\t\t\t\t\t<\/div>\n\t\t\t\t\t<\/div>\n\t\t<\/div>\n\t\t\t\t\t<\/div>\n\t\t<\/section>\n\t\t<div class=\"elementor-element elementor-element-7af69430 e-flex e-con-boxed e-con e-parent\" data-id=\"7af69430\" data-element_type=\"container\">\n\t\t\t\t\t<div class=\"e-con-inner\">\n\t\t\t\t<div class=\"elementor-element elementor-element-660a3ab9 elementor-widget elementor-widget-text-editor\" data-id=\"660a3ab9\" data-element_type=\"widget\" data-widget_type=\"text-editor.default\">\n\t\t\t\t\t\t\t\t\t<h2>Terapia de Conducto Radicular<\/h2><h3>\u00bfPor qu\u00e9 confiar en Iran Medbank para una terapia de conducto radicular segura?<\/h3><p>Iran Medbank es el canal m\u00e1s seguro que lo conecta con los mejores profesionales de conducto radicular en todo Ir\u00e1n, un pa\u00eds que es bien conocido por su experiencia m\u00e9dica y ventajas econ\u00f3micas. Solo incluimos las mejores cl\u00ednicas que han pasado las pruebas de acreditaci\u00f3n JCI y cirujanos que han alcanzado los est\u00e1ndares de las principales universidades del mundo certificadas por los est\u00e1ndares m\u00e1s estrictos, para que logren la esterilizaci\u00f3n de microorganismos mediante el uso de instrumentos y m\u00e9todos altamente precisos y est\u00e9riles para superar el 95% de efectividad, logrando as\u00ed la permanencia de los resultados. La base que sustenta nuestra creencia se complementa con un examen inicial gratuito, planes de tratamiento muy f\u00e1cilmente comprensibles y tambi\u00e9n rese\u00f1as confirmadas de pacientes, que hacen referencia a experiencias sin dolor y los efectos a largo plazo del tratamiento.<\/p><p>Iran Medbank toma todas las medidas para desempe\u00f1arse bien en la categor\u00eda de medidas de seguridad, y esto produce im\u00e1genes muy precisas, as\u00ed como el uso de materiales biol\u00f3gicamente amigables en el tratamiento. Adem\u00e1s, es posible que Irnadban le permita contar con las instalaciones que tienen los miembros del personal m\u00e9dico m\u00e1s comprometidos que cuidan su salud bucal y todo esto viene a un precio muy bajo y el buen historial de clientes de todo el mundo que han aceptado nuestra pol\u00edtica de transparencia y los resultados obtenidos han respaldado esto. Es bueno ver que estamos ah\u00ed para ayudarlo con el primer paso y tambi\u00e9n con el \u00faltimo paso que hace al elegirnos.<\/p><h2>Descubra la mejor terapia de conducto radicular a trav\u00e9s de Iran Medbank<\/h2><p>Como destacado centro de turismo m\u00e9dico, Iran Medbank Medical Group es una agencia que conecta a personas de todo el mundo con los mejores tratamientos de conducto radicular en Ir\u00e1n, una terapia que salva el diente infectado en lugar de extraerlo y, al mismo tiempo, reduce el dolor del paciente. Experimente una reducci\u00f3n de precio del 70-80% en tratamientos costosos que cuestan m\u00e1s de $1,500 en los EE. UU., mientras que nuestros paquetes a partir de $200 que incluyen procedimientos de diagn\u00f3stico hacen esto posible. Nuestra plataforma transaccional hace que todo el proceso sea f\u00e1cil y c\u00f3modo: permite a los clientes realizar consultas en l\u00ednea, recibir presupuestos personalizados y reservar viajes todo incluido que cubren viajes, hoteles y seguimientos. Las cl\u00ednicas ubicadas en Teher\u00e1n y otras ciudades cuentan con personal multiling\u00fce y est\u00e1n equipadas con las \u00faltimas tecnolog\u00edas, como localizadores de \u00e1pice digitales para lograr una precisi\u00f3n exacta. Independientemente de si el problema es un absceso dental o caries, Iran Medbank asegura que el paciente recibir\u00e1 un tratamiento oportuno y efectivo. No dude en embarcarse en el viaje que su diente merece, manteni\u00e9ndolo saludable y, por lo tanto, solicitar una consulta gratuita a su conveniencia y garantizar un premio asequible ser\u00e1 el siguiente paso que tome.<\/p><h2>Los beneficios de elegir la terapia de conducto radicular en Ir\u00e1n<\/h2><p>La terapia de conducto radicular en Ir\u00e1n impulsada por Iran Medbank presenta excelentes ventajas que combinan atenci\u00f3n de calidad y buena relaci\u00f3n calidad-precio. Los pacientes obtienen alivio instant\u00e1neo y sus dientes se salvan sin necesidad de un implante, con el uso de procedimientos m\u00ednimamente invasivos que casi detienen por completo el per\u00edodo de recuperaci\u00f3n en unos pocos d\u00edas. Los centros m\u00e9dicos con los que nos hemos asociado tienen certificaciones est\u00e1ndar de todo el mundo, y tambi\u00e9n emplean irrigaci\u00f3n antimicrobiana para el control de infecciones y el \u00e9xito a largo plazo. Desde el punto de vista transaccional, Iran Medbank ofrece reservas incre\u00edblemente fluidas, opciones de pago y la asistencia de coordinadores dedicados para ocuparse de la log\u00edstica para que pueda concentrarse en la curaci\u00f3n. La falta de tiempo para la realizaci\u00f3n del viaje y los precios competitivos lo hacen perfecto para casos urgentes, al mismo tiempo con el tratamiento tambi\u00e9n es posible aprovechar los hermosos lugares de Ir\u00e1n y poder combinar estos dos aspectos. Si desea salvar la funci\u00f3n natural de sus dientes en lugar de usar esta terapia, puede hacerlo. Esto es lo m\u00e1s cercano que obtendr\u00e1 a la Naturaleza en t\u00e9rminos de salud dental &#8211; Iran Medbank le promete esto.<\/p><h2>Entendiendo la terapia de conducto radicular: Una soluci\u00f3n para salvar dientes<\/h2><p>La terapia de conducto radicular o tratamiento endod\u00f3ntico es el m\u00e9todo de extracci\u00f3n de la pulpa que ha pasado por una infecci\u00f3n y est\u00e1 dentro de un diente, luego limpiando los conductos y finalmente sellando los conductos para prevenir cualquier reinfecci\u00f3n. En la plataforma iran\u00ed, Iran Medbank, puede realizar este servicio vital en Ir\u00e1n por solo\u00a0<span class=\"katex\"><span class=\"katex-mathml\">150\u2212<\/span><span class=\"katex-html\" aria-hidden=\"true\"><span class=\"base\"><span class=\"mord\">150<\/span><span class=\"mord\">\u2212<\/span><\/span><\/span><\/span>400 por diente, que es casi la mitad del promedio global. La cirug\u00eda mencionada es el arma m\u00e1s fuerte contra la caries, el trauma o el absceso del diente y el problema normalmente se resuelve restaurando el diente destruido con una corona. Los cirujanos usan diques de goma y trabajan con la ayuda de magnificaci\u00f3n para posicionar y eliminar solo el \u00e1rea infectada, preservando as\u00ed el tejido sano. Adem\u00e1s de la eliminaci\u00f3n del dolor, esta operaci\u00f3n tambi\u00e9n mantiene la alineaci\u00f3n de la mordida del paciente y la est\u00e9tica de la sonrisa. Desde una perspectiva transaccional, nuestra plataforma ofrece materiales educativos y recorridos virtuales, lo que permite tomar la decisi\u00f3n correcta. Este procedimiento es la mejor opci\u00f3n para las personas que buscan la preservaci\u00f3n de los dientes perdidos, por lo que los conductos radiculares en Ir\u00e1n se convierten en una soluci\u00f3n confiable y duradera.<\/p><h2>Tipos de terapia de conducto radicular disponibles en Ir\u00e1n<\/h2><p>Iran Medbank ofrece diferentes opciones de conducto radicular en Ir\u00e1n con diferentes niveles de complejidad para satisfacer las necesidades de sus pacientes. El tratamiento de conducto \u00fanico de rutina es generalmente para dientes frontales, mientras que los molares de m\u00faltiples ra\u00edces complejos necesitan instrumentaci\u00f3n rotatoria avanzada. Para casos retratados o apicectom\u00edas (resecciones quir\u00fargicas del extremo de la ra\u00edz), los especialistas emplean t\u00e9cnicas de microcirug\u00eda. Las pulpotom\u00edas pedi\u00e1tricas son procedimientos solo para ni\u00f1os que pierden sus dientes de leche y ayudan a retenerlos. El precio var\u00eda desde un m\u00ednimo de $200 para un procedimiento simple de conducto radicular hasta un m\u00e1ximo de $500 para el retratamiento complejo del material de obturaci\u00f3n de alta calidad cubierto. Nuestros paquetes transaccionales garantizan la flexibilidad de la elecci\u00f3n del cliente, incluidas las radiograf\u00edas postoperatorias en la selecci\u00f3n. Ir\u00e1n se ha convertido en un foco global de endodoncia, permitiendo as\u00ed a los pacientes recibir la terapia adaptada a su condici\u00f3n y minimizando sus citas. Disfrute de sus beneficios con Iran Medbank y seleccione el m\u00e1s adecuado para sus necesidades de cuidado dental.<\/p><h2>El procedimiento de terapia de conducto radicular: Paso a paso con Iran Medbank<\/h2><p>El procedimiento de conducto radicular realizado por Iran Medbank est\u00e1 muy orientado al paciente y es sin complicaciones. Primero, se realiza una evaluaci\u00f3n en l\u00ednea gratuita de s\u00edntomas y exploraciones. Luego, en Ir\u00e1n, se realiza un examen en profundidad con radiograf\u00eda digital para confirmar el diagn\u00f3stico. Todo el procedimiento se realiza bajo anestesia local, donde el dentista accede a la pulpa, elimina el tejido infectado con limas e irrigantes, despu\u00e9s de lo cual llena y sella los conductos, la mayor\u00eda de las veces en una visita. Esto es seguido por una restauraci\u00f3n temporal o permanente. Nuestra plataforma facilita precios transparentes desde $250, el cuidado posterior est\u00e1 incluido en el precio del paquete. Nos encargamos de toda la log\u00edstica como visas, hoteles, viajes e incluso sedaci\u00f3n si lo desea. El alivio es sentido por la mayor\u00eda de los pacientes instant\u00e1neamente, la mayor\u00eda de ellos pueden volver a su rutina diaria en poco tiempo e incluso pueden aprovechar su estad\u00eda cuando tienen que venir para una cita de seguimiento.<\/p><h2>Tasas de \u00e9xito y cuidados posteriores para la terapia de conducto radicular<\/h2><p>La terapia de conducto radicular en Ir\u00e1n es muy efectiva, la tasa de \u00e9xito es del 90 al 95%. Una de las principales razones del \u00e9xito es la limpieza y sellado adecuados del diente, nuestras cl\u00ednicas ofrecen antibi\u00f3ticos y alivio del dolor para el paciente con cualquier efecto secundario que pueda surgir. El per\u00edodo postoperatorio debe pasarse comiendo solo alimentos blandos, siguiendo rutinas de higiene personal y monitoreando posibles problemas, por supuesto, con la ayuda de telesalud para pacientes no locales. El tratamiento va acompa\u00f1ado de los servicios incluidos en el paquete que son citas de seguimiento y garant\u00edas de tratamiento que garantizan la vida \u00fatil del procedimiento &#8211; Incluso es posible que los dientes tratados duren toda la vida. Los pacientes est\u00e1n fascinados por la tasa m\u00ednima de fracaso gracias al enfoque meticuloso y al uso de tecnolog\u00eda de desinfecci\u00f3n l\u00e1ser. Obtenga asistencia completa de Iran Medbank hasta que su terapia sea fruct\u00edfera y los beneficios de la misma permanezcan intactos.<\/p><h2>Ahorro de costos y valor con Iran Medbank<\/h2><p>La terapia de conducto radicular en Ir\u00e1n puede convertirse en un tratamiento asequible por Iran Medbank, por el cual el costo de los procedimientos es un 75% menos que en Europa, por ejemplo, $300 en lugar de $1,200. A trav\u00e9s de nuestro sistema transaccional, los clientes reciben un presupuesto detallado, se les asegura que no hay cargos ocultos y se les da la opci\u00f3n de pago en cuotas. Los planes todo incluido, que son bastante razonables, cubren diagn\u00f3sticos, tratamiento y recuperaci\u00f3n, por lo tanto, el valor se dispara. IR\u00c1N tambi\u00e9n se enorgullece de ser el anfitri\u00f3n del equipo endod\u00f3ntico de la m\u00e1s alta calidad que es igual al utilizado internacionalmente en diferentes cl\u00ednicas. Este precio es especialmente atractivo para las personas que pueden necesitar tratamiento de emergencia pero no quieren enfrentar problemas financieros. Utilice la calculadora en l\u00ednea para calcular cu\u00e1nto va a ahorrar y descubra por qu\u00e9 Iran Medbank es el mejor valor para el tratamiento de cuidado dental m\u00e1s eficiente y econ\u00f3mico.<\/p><h2>Combinando la terapia de conducto radicular con el turismo m\u00e9dico en Ir\u00e1n<\/h2><p>Irand Medbank no solo ofrece un conducto radicular, sino que tambi\u00e9n combina el turismo m\u00e9dico con la terapia, para que el paciente pueda recuperarse en medio de un impresionante viaje por todo Ir\u00e1n. Puede relajarse en aguas termales o visitar sitios hist\u00f3ricos como los majestuosos captadores de viento de Yazd justo despu\u00e9s de su r\u00e1pida operaci\u00f3n. Los paquetes incluyen tours tranquilos y divertidos, deliciosas comidas halal y estancias reconfortantes en spas que convierten su tratamiento en una escapada del estr\u00e9s que rejuvenece su esp\u00edritu. En l\u00ednea puede comprar el viaje empaquetado que se adapte a su tiempo y conveniencia. Sin tener que pasar mucho tiempo en el hospital, la mayor\u00eda de los pacientes aprovechan la oportunidad para ir de turismo y recreaci\u00f3n de inmediato. Ir\u00e1n es muy asequible y los locales son muy amables, lo que lo convierte en un gran destino para viajes acompa\u00f1ados. Experimente la felicidad y la salud que vienen en un paquete con la ayuda de Iran Medbank y deje la hermosa sonrisa as\u00ed como el agradable viaje con los recuerdos colgando en su mente.<\/p><h2>Testimonios de pacientes e historias de \u00e9xito<\/h2><p>Entre muchos otros pacientes, aquellos que se sometieron a un conducto radicular proporcionan los mejores testimonios de la asistencia de Iran Medbank. &#8220;\u00a1Dolor desaparecido en una visita, y ahorr\u00e9 miles, cuidado incre\u00edble!&#8221; dice Mike de Australia. Las historias reales proporcionan relatos detallados de c\u00f3mo su sufrimiento se resolvi\u00f3 r\u00e1pidamente mediante una combinaci\u00f3n del uso de las \u00faltimas tecnolog\u00edas y la amabilidad del personal. Recopilamos testimonios decentes de pacientes reales acompa\u00f1ados de sus fotos y grabaciones de video. Socialmente, hable con otros pacientes y pida su punto de vista. Estos informes describen en detalle el estado del arte de la ciencia en Ir\u00e1n y el papel que desempe\u00f1amos en procesos tan f\u00e1ciles y sin estr\u00e9s. Sea parte del equipo ganador: deje que su viaje con nosotros comience.<\/p><h2>Por qu\u00e9 Iran Medbank es su socio definitivo para la terapia de conducto radicular<\/h2><p>Para resumir, Iran Medbank es su mejor opci\u00f3n para la terapia de conducto radicular en Ir\u00e1n. No se trata solo de la calidad y el precio competitivo del tratamiento. Le ofrecemos un servicio de principio a fin, incluidas tarifas a\u00e9reas seguras y c\u00f3modas para usted y su familia, as\u00ed como opciones de hotel para su estad\u00eda. Tenga la oportunidad de hacer que sus dientes duren sin dolor. Visite nuestro sitio web, obtenga una cotizaci\u00f3n de precio o reserve una consulta. La salida de la pesadilla dental comienza con Iran Medbank.<\/p>\t\t\t\t\t\t\t\t<\/div>\n\t\t\t\t\t<\/div>\n\t\t\t\t<\/div>\n\t\t<div class=\"elementor-element elementor-element-7312542 e-flex e-con-boxed e-con e-parent\" data-id=\"7312542\" data-element_type=\"container\" data-settings=\"{&quot;background_background&quot;:&quot;classic&quot;}\">\n\t\t\t\t\t<div class=\"e-con-inner\">\n\t\t\t\t<div class=\"elementor-element elementor-element-6d28a8b8 elementor-widget elementor-widget-text-editor\" data-id=\"6d28a8b8\" data-element_type=\"widget\" data-widget_type=\"text-editor.default\">\n\t\t\t\t\t\t\t\t\t<h2>\u00bfQuiere salvar sus dientes con terapia de conducto radicular en Ir\u00e1n?<\/h2><p>Considerando la terapia de conducto radicular en Ir\u00e1n debido al dolor de dientes, infecci\u00f3n o preservaci\u00f3n. Si este es el caso, nuestros asesores m\u00e9dicos estar\u00e1n encantados de guiarlo durante todo el procedimiento. Cont\u00e1ctenos en IranMedBank para una consulta individual y el primer paso hacia dientes saludables sin dolor se tomar\u00e1 con:<\/p><p>\u2714 Especialistas endod\u00f3nticos de primer nivel<\/p><p>\u2714 Cl\u00ednicas acreditadas por JCI<\/p><p>\u2714 Apoyo completo de viaje y tratamiento<\/p>\t\t\t\t\t\t\t\t<\/div>\n\t\t\t\t<div class=\"elementor-element elementor-element-7b510dbb elementor-align-center elementor-widget elementor-widget-button\" data-id=\"7b510dbb\" data-element_type=\"widget\" data-widget_type=\"button.default\">\n\t\t\t\t\t\t\t\t\t\t<a class=\"elementor-button elementor-button-link elementor-size-sm\" href=\"https:\/\/wa.me\/+989106688921\" target=\"_blank\" rel=\"noopener\">\n\t\t\t\t\t\t<span class=\"elementor-button-content-wrapper\">\n\t\t\t\t\t\t\t\t\t<span class=\"elementor-button-text\">Consulta gratuita<\/span>\n\t\t\t\t\t<\/span>\n\t\t\t\t\t<\/a>\n\t\t\t\t\t\t\t\t<\/div>\n\t\t\t\t\t<\/div>\n\t\t\t\t<\/div>\n\t\t\t\t<\/div>\n\t\t","protected":false},"excerpt":{"rendered":"<p>Terapia de Conducto Radicular en Ir\u00e1n Terapia de Conducto Radicular en Ir\u00e1n Reconstruya su sonrisa sin dolor: Obtenga en Ir\u00e1n una terapia de conducto radicular excelente, econ\u00f3mica y precisa. Aseg\u00farese de buscar la ayuda de Iran Medbank para realizar una terapia de conducto radicular en Ir\u00e1n con excelentes resultados a precios sorprendentes, para obtener los [&hellip;]<\/p>\n","protected":false},"author":1,"featured_media":0,"parent":140,"menu_order":0,"comment_status":"closed","ping_status":"closed","template":"elementor_header_footer","meta":{"footnotes":""},"class_list":["post-179","page","type-page","status-publish","hentry"],"_links":{"self":[{"href":"https:\/\/iranmedbank.info\/es\/wp-json\/wp\/v2\/pages\/179","targetHints":{"allow":["GET"]}}],"collection":[{"href":"https:\/\/iranmedbank.info\/es\/wp-json\/wp\/v2\/pages"}],"about":[{"href":"https:\/\/iranmedbank.info\/es\/wp-json\/wp\/v2\/types\/page"}],"author":[{"embeddable":true,"href":"https:\/\/iranmedbank.info\/es\/wp-json\/wp\/v2\/users\/1"}],"replies":[{"embeddable":true,"href":"https:\/\/iranmedbank.info\/es\/wp-json\/wp\/v2\/comments?post=179"}],"version-history":[{"count":4,"href":"https:\/\/iranmedbank.info\/es\/wp-json\/wp\/v2\/pages\/179\/revisions"}],"predecessor-version":[{"id":209,"href":"https:\/\/iranmedbank.info\/es\/wp-json\/wp\/v2\/pages\/179\/revisions\/209"}],"up":[{"embeddable":true,"href":"https:\/\/iranmedbank.info\/es\/wp-json\/wp\/v2\/pages\/140"}],"wp:attachment":[{"href":"https:\/\/iranmedbank.info\/es\/wp-json\/wp\/v2\/media?parent=179"}],"curies":[{"name":"wp","href":"https:\/\/api.w.org\/{rel}","templated":true}]}}