{"id":100,"date":"2025-09-27T12:42:12","date_gmt":"2025-09-27T10:42:12","guid":{"rendered":"https:\/\/iranmedbank.info\/fr\/?page_id=100"},"modified":"2025-11-15T15:27:31","modified_gmt":"2025-11-15T14:27:31","slug":"ivf","status":"publish","type":"page","link":"https:\/\/iranmedbank.info\/fr\/fertility-treatment\/ivf\/","title":{"rendered":"FIV en Iran"},"content":{"rendered":"\t\t<div data-elementor-type=\"wp-page\" data-elementor-id=\"100\" class=\"elementor elementor-100\" data-elementor-post-type=\"page\">\n\t\t\t\t<div class=\"elementor-element elementor-element-118de1df e-con-full e-flex e-con e-parent\" data-id=\"118de1df\" data-element_type=\"container\" data-settings=\"{&quot;background_background&quot;:&quot;classic&quot;}\">\n\t\t\t\t<div class=\"elementor-element elementor-element-35612ca0 elementor--h-position-left elementor--v-position-middle elementor-arrows-position-inside elementor-pagination-position-inside elementor-widget elementor-widget-slides\" data-id=\"35612ca0\" data-element_type=\"widget\" data-settings=\"{&quot;navigation&quot;:&quot;both&quot;,&quot;transition&quot;:&quot;slide&quot;,&quot;transition_speed&quot;:500}\" data-widget_type=\"slides.default\">\n\t\t\t\t\t\t\t\t\t\t<div class=\"elementor-slides-wrapper elementor-main-swiper swiper\" role=\"region\" aria-roledescription=\"carousel\" aria-label=\"Slider\" dir=\"ltr\" data-animation=\"fadeInUp\">\n\t\t\t\t<div class=\"swiper-wrapper elementor-slides\">\n\t\t\t\t\t\t\t\t\t\t<div class=\"elementor-repeater-item-70dd2f2 swiper-slide\" role=\"group\" aria-roledescription=\"slide\"><div class=\"swiper-slide-bg\" role=\"img\"><\/div><div class=\"swiper-slide-inner\" ><div class=\"swiper-slide-contents\"><div class=\"elementor-slide-heading\"><h1>FIV en Ir\u00e1n<\/h1><\/div><\/div><\/div><\/div>\t\t\t\t<\/div>\n\t\t\t\t\t\t\t<\/div>\n\t\t\t\t\t\t\t\t<\/div>\n\t\t\t\t<\/div>\n\t\t\t\t<section class=\"elementor-section elementor-top-section elementor-element elementor-element-757ce4c1 elementor-section-stretched elementor-section-full_width elementor-section-height-default elementor-section-height-default\" data-id=\"757ce4c1\" data-element_type=\"section\" data-settings=\"{&quot;stretch_section&quot;:&quot;section-stretched&quot;,&quot;background_background&quot;:&quot;classic&quot;}\">\n\t\t\t\t\t\t<div class=\"elementor-container elementor-column-gap-default\">\n\t\t\t\t\t<div class=\"elementor-column elementor-col-50 elementor-top-column elementor-element elementor-element-5de747dd\" data-id=\"5de747dd\" data-element_type=\"column\">\n\t\t\t<div class=\"elementor-widget-wrap elementor-element-populated\">\n\t\t\t\t\t\t<section class=\"elementor-section elementor-inner-section elementor-element elementor-element-413d530d elementor-section-boxed elementor-section-height-default elementor-section-height-default\" data-id=\"413d530d\" data-element_type=\"section\">\n\t\t\t\t\t\t<div class=\"elementor-container elementor-column-gap-default\">\n\t\t\t\t\t<div class=\"elementor-column elementor-col-100 elementor-inner-column elementor-element elementor-element-7480b33e\" data-id=\"7480b33e\" data-element_type=\"column\">\n\t\t\t<div class=\"elementor-widget-wrap elementor-element-populated\">\n\t\t\t\t\t\t<div class=\"elementor-element elementor-element-80db1d2 animated-fast elementor-widget elementor-widget-heading\" data-id=\"80db1d2\" data-element_type=\"widget\" data-settings=\"{&quot;_animation&quot;:&quot;none&quot;,&quot;_animation_delay&quot;:300}\" data-widget_type=\"heading.default\">\n\t\t\t\t\t<h2 class=\"elementor-heading-title elementor-size-default\">F\u00e9condation in vitro : Transformer l\u2019Espoir en Famille\n<\/h2>\t\t\t\t<\/div>\n\t\t\t\t<div class=\"elementor-element elementor-element-494c2e9e animated-fast elementor-widget elementor-widget-text-editor\" data-id=\"494c2e9e\" data-element_type=\"widget\" data-settings=\"{&quot;_animation&quot;:&quot;none&quot;,&quot;_animation_delay&quot;:500}\" data-widget_type=\"text-editor.default\">\n\t\t\t\t\t\t\t\t\t<p>L\u2019Iran est une destination de premier plan pour la FIV, offrant des traitements de fertilit\u00e9 avanc\u00e9s avec des taux de r\u00e9ussite \u00e9lev\u00e9s et des soins empreints de compassion. Chez IranMedBank, nous vous mettons en relation avec les meilleures cliniques de fertilit\u00e9 et des sp\u00e9cialistes exp\u00e9riment\u00e9s qui utilisent les derni\u00e8res technologies pour vous aider \u00e0 r\u00e9aliser votre r\u00eave de parentalit\u00e9.<\/p>\t\t\t\t\t\t\t\t<\/div>\n\t\t\t\t\t<\/div>\n\t\t<\/div>\n\t\t\t\t\t<\/div>\n\t\t<\/section>\n\t\t\t\t\t<\/div>\n\t\t<\/div>\n\t\t\t\t<div class=\"elementor-column elementor-col-50 elementor-top-column elementor-element elementor-element-313af75c\" data-id=\"313af75c\" data-element_type=\"column\">\n\t\t\t<div class=\"elementor-widget-wrap elementor-element-populated\">\n\t\t\t\t\t\t<div class=\"elementor-element elementor-element-5a9c1437 elementor-widget elementor-widget-image\" data-id=\"5a9c1437\" data-element_type=\"widget\" data-widget_type=\"image.default\">\n\t\t\t\t\t\t\t\t\t\t\t\t\t\t\t<img fetchpriority=\"high\" decoding=\"async\" width=\"800\" height=\"800\" src=\"https:\/\/iranmedbank.info\/fr\/wp-content\/uploads\/2025\/09\/ivf-4.webp\" class=\"attachment-large size-large wp-image-103\" alt=\"\" srcset=\"https:\/\/iranmedbank.info\/fr\/wp-content\/uploads\/2025\/09\/ivf-4.webp 800w, https:\/\/iranmedbank.info\/fr\/wp-content\/uploads\/2025\/09\/ivf-4-300x300.webp 300w, https:\/\/iranmedbank.info\/fr\/wp-content\/uploads\/2025\/09\/ivf-4-150x150.webp 150w, https:\/\/iranmedbank.info\/fr\/wp-content\/uploads\/2025\/09\/ivf-4-768x768.webp 768w\" sizes=\"(max-width: 800px) 100vw, 800px\" \/>\t\t\t\t\t\t\t\t\t\t\t\t\t\t\t<\/div>\n\t\t\t\t\t<\/div>\n\t\t<\/div>\n\t\t\t\t\t<\/div>\n\t\t<\/section>\n\t\t<div class=\"elementor-element elementor-element-148316a4 e-flex e-con-boxed e-con e-parent\" data-id=\"148316a4\" data-element_type=\"container\">\n\t\t\t\t\t<div class=\"e-con-inner\">\n\t\t\t\t<div class=\"elementor-element elementor-element-52e91ed1 elementor-widget elementor-widget-text-editor\" data-id=\"52e91ed1\" data-element_type=\"widget\" data-widget_type=\"text-editor.default\">\n\t\t\t\t\t\t\t\t\t<p><strong>fiv en iran<\/strong><br \/><strong>FIV en Iran : Votre Chemin Fiable vers la Parentalit\u00e9<\/strong><br \/>L\u2019Iran est devenu un centre mondial pour les traitements de fertilit\u00e9 avanc\u00e9s, attirant des futurs parents du monde entier. La FIV en Iran est r\u00e9put\u00e9e pour ses taux de r\u00e9ussite impressionnants, ses cliniques ultramodernes et ses sp\u00e9cialistes form\u00e9s \u00e0 l\u2019international. Les patients choisissent l\u2019Iran non seulement pour la qualit\u00e9 des soins, mais aussi pour l\u2019environnement \u00e9thique et bienveillant qui rend chaque \u00e9tape du parcours plus rassurante.<\/p><p>Les cliniques iraniennes de fertilit\u00e9 sont \u00e9quip\u00e9es des derni\u00e8res technologies reproductives, offrant un large \u00e9ventail de services adapt\u00e9s aux besoins uniques de chaque patient. De la premi\u00e8re consultation jusqu\u2019au transfert d\u2019embryons, chaque \u00e9tape est assur\u00e9e par des professionnels attentionn\u00e9s, engag\u00e9s \u00e0 vous aider \u00e0 fonder ou agrandir votre famille.<\/p><p><strong>Le Processus de FIV en Iran : \u00c0 Quoi s\u2019Attendre<\/strong><br \/>La FIV en Iran commence par une \u00e9valuation compl\u00e8te effectu\u00e9e par des sp\u00e9cialistes exp\u00e9riment\u00e9s en fertilit\u00e9. Votre historique m\u00e9dical, vos r\u00e9sultats d\u2019examens et vos pr\u00e9f\u00e9rences personnelles sont soigneusement pris en compte afin d\u2019\u00e9tablir un plan de traitement sur mesure. Le processus comprend g\u00e9n\u00e9ralement la stimulation ovarienne, le pr\u00e9l\u00e8vement d\u2019ovules, la f\u00e9condation en laboratoire et le transfert d\u2019embryons.<\/p><p>Les cliniques iraniennes utilisent des techniques de laboratoire de pointe pour maximiser les chances de f\u00e9condation et d\u2019implantation r\u00e9ussies. Tout au long du processus, vous b\u00e9n\u00e9ficiez d\u2019un accompagnement constant et d\u2019une communication claire, vous garantissant de rester inform\u00e9 et confiant \u00e0 chaque \u00e9tape.<\/p><p><strong>Taux de R\u00e9ussite de la FIV en Iran : Une Lueur d\u2019Espoir<\/strong><br \/>L\u2019une des principales raisons pour lesquelles les patients internationaux choisissent la FIV en Iran est la remarquable r\u00e9ussite obtenue par les cliniques leaders du pays. Les sp\u00e9cialistes iraniens en fertilit\u00e9 sont r\u00e9put\u00e9s pour leur expertise et leur engagement envers la recherche et l\u2019innovation. En combinant les derni\u00e8res avanc\u00e9es scientifiques avec des soins personnalis\u00e9s, les cliniques iraniennes obtiennent r\u00e9guli\u00e8rement des r\u00e9sultats excellents.<\/p><p>Les histoires de couples ayant lutt\u00e9 pendant des ann\u00e9es contre l\u2019infertilit\u00e9 t\u00e9moignent du savoir-faire et du d\u00e9vouement des m\u00e9decins iraniens. De nombreuses familles ont trouv\u00e9 espoir et bonheur gr\u00e2ce \u00e0 la FIV en Iran, faisant de celle-ci un choix de confiance pour des solutions de fertilit\u00e9 efficaces.<\/p><p><strong>Options de Traitement FIV en Iran<\/strong><br \/>L\u2019Iran propose une gamme compl\u00e8te de traitements FIV pour r\u00e9pondre \u00e0 diverses causes d\u2019infertilit\u00e9. Que vous ayez besoin d\u2019une FIV conventionnelle, d\u2019une ICSI (Injection Intracytoplasmique de Spermatozo\u00efde) ou de tests g\u00e9n\u00e9tiques pr\u00e9implantatoires, les cliniques iraniennes proposent des solutions adapt\u00e9es \u00e0 vos besoins sp\u00e9cifiques. Le don d\u2019ovules, le don de sperme ainsi que la cong\u00e9lation d\u2019embryons sont \u00e9galement disponibles, offrant plus de flexibilit\u00e9 et de meilleures chances de succ\u00e8s.<\/p><p>Les \u00e9quipes multidisciplinaires des principaux centres de fertilit\u00e9 d\u2019Iran travaillent en \u00e9troite collaboration avec chaque patient, veillant \u00e0 ce que chaque aspect du traitement soit soigneusement planifi\u00e9 et r\u00e9alis\u00e9. Cette approche personnalis\u00e9e distingue la FIV en Iran, en faisant une destination privil\u00e9gi\u00e9e pour les soins en fertilit\u00e9.<\/p><p><strong>L\u2019Avantage IranMedBank : Un Accompagnement \u00e0 Chaque \u00c9tape<\/strong><br \/>Chez IranMedBank, nous comprenons que le parcours de FIV peut \u00eatre \u00e0 la fois \u00e9motionnel et complexe. Notre mission est de rendre votre exp\u00e9rience aussi fluide et sereine que possible. De votre premi\u00e8re demande jusqu\u2019\u00e0 la fin de votre traitement, nos consultants vous soutiennent et vous assistent en permanence.<\/p><p>Nous collaborons uniquement avec les cliniques et sp\u00e9cialistes les plus r\u00e9put\u00e9s en Iran, garantissant que vous b\u00e9n\u00e9ficiiez des meilleurs soins. Nos services incluent l\u2019assistance pour les voyages, l\u2019h\u00e9bergement et la traduction, afin que vous puissiez vous concentrer enti\u00e8rement sur votre traitement et votre bien-\u00eatre.<\/p><p><strong>Normes \u00c9thiques et S\u00e9curit\u00e9 des Patients dans les Cliniques FIV Iraniennes<\/strong><br \/>Les cliniques de fertilit\u00e9 iraniennes fonctionnent sous des r\u00e8gles \u00e9thiques strictes et des r\u00e9glementations gouvernementales s\u00e9v\u00e8res, pla\u00e7ant la s\u00e9curit\u00e9 et la confidentialit\u00e9 des patients au premier plan. Toutes les proc\u00e9dures respectent les normes internationales, et les cliniques sont r\u00e9guli\u00e8rement audit\u00e9es pour assurer la conformit\u00e9. Vous pouvez avoir confiance que votre traitement FIV en Iran sera effectu\u00e9 avec professionnalisme, transparence et respect de votre vie priv\u00e9e.<\/p><p><strong>Commencez Votre Parcours FIV en Iran avec IranMedBank<\/strong><br \/>Si vous envisagez la FIV en Iran, IranMedBank est \u00e0 vos c\u00f4t\u00e9s pour vous guider. Notre \u00e9quipe exp\u00e9riment\u00e9e est pr\u00eate \u00e0 r\u00e9pondre \u00e0 vos questions, \u00e0 vous aider \u00e0 comprendre vos options et \u00e0 vous mettre en relation avec les meilleures cliniques et sp\u00e9cialistes en fertilit\u00e9 du pays.<\/p><p>Faites le premier pas vers la construction de votre famille en toute confiance. Contactez IranMedBank d\u00e8s aujourd\u2019hui pour en savoir plus sur la FIV en Iran et d\u00e9couvrir comment nous pouvons vous aider \u00e0 r\u00e9aliser votre r\u00eave de parentalit\u00e9. Gr\u00e2ce \u00e0 des soins de classe mondiale, des technologies avanc\u00e9es et un accompagnement constant, votre avenir commence ici.<\/p>\t\t\t\t\t\t\t\t<\/div>\n\t\t\t\t\t<\/div>\n\t\t\t\t<\/div>\n\t\t<div class=\"elementor-element elementor-element-4da17f0f e-flex e-con-boxed e-con e-parent\" data-id=\"4da17f0f\" data-element_type=\"container\" data-settings=\"{&quot;background_background&quot;:&quot;classic&quot;}\">\n\t\t\t\t\t<div class=\"e-con-inner\">\n\t\t\t\t<div class=\"elementor-element elementor-element-2c67a649 elementor-widget elementor-widget-text-editor\" data-id=\"2c67a649\" data-element_type=\"widget\" data-widget_type=\"text-editor.default\">\n\t\t\t\t\t\t\t\t\t<p><strong>Pr\u00eat \u00e0 Commencer la FIV en Iran ? Contactez Nos Experts D\u00e8s Aujourd\u2019hui<\/strong><br \/>Si vous envisagez un traitement de FIV en Iran, nos consultants d\u00e9vou\u00e9s chez IranMedBank sont l\u00e0 pour vous accompagner \u00e0 chaque \u00e9tape. Nous vous mettons en relation avec les meilleurs m\u00e9decins de fertilit\u00e9 et les cliniques les plus avanc\u00e9es d\u2019Iran, assurant des soins d\u2019excellence adapt\u00e9s \u00e0 vos besoins. De la premi\u00e8re consultation jusqu\u2019\u00e0 la fin du traitement, notre \u00e9quipe vous guide et vous assiste, rendant votre parcours simple et sans stress. Contactez IranMedBank d\u00e8s aujourd\u2019hui pour commencer votre FIV en Iran avec confiance et soutien expert \u00e0 chaque \u00e9tape.<\/p>\t\t\t\t\t\t\t\t<\/div>\n\t\t\t\t<div class=\"elementor-element elementor-element-f046b7c elementor-align-center elementor-widget elementor-widget-button\" data-id=\"f046b7c\" data-element_type=\"widget\" data-widget_type=\"button.default\">\n\t\t\t\t\t\t\t\t\t\t<a class=\"elementor-button elementor-button-link elementor-size-sm\" href=\"https:\/\/wa.me\/+989106688921\" target=\"_blank\" rel=\"noopener\">\n\t\t\t\t\t\t<span class=\"elementor-button-content-wrapper\">\n\t\t\t\t\t\t\t\t\t<span class=\"elementor-button-text\">Consultation Gratuite<\/span>\n\t\t\t\t\t<\/span>\n\t\t\t\t\t<\/a>\n\t\t\t\t\t\t\t\t<\/div>\n\t\t\t\t\t<\/div>\n\t\t\t\t<\/div>\n\t\t\t\t<\/div>\n\t\t","protected":false},"excerpt":{"rendered":"<p>FIV en Ir\u00e1n F\u00e9condation in vitro : Transformer l\u2019Espoir en Famille L\u2019Iran est une destination de premier plan pour la FIV, offrant des traitements de fertilit\u00e9 avanc\u00e9s avec des taux de r\u00e9ussite \u00e9lev\u00e9s et des soins empreints de compassion. Chez IranMedBank, nous vous mettons en relation avec les meilleures cliniques de fertilit\u00e9 et des sp\u00e9cialistes [&hellip;]<\/p>\n","protected":false},"author":1,"featured_media":102,"parent":87,"menu_order":0,"comment_status":"closed","ping_status":"closed","template":"elementor_header_footer","meta":{"footnotes":""},"class_list":["post-100","page","type-page","status-publish","has-post-thumbnail","hentry"],"_links":{"self":[{"href":"https:\/\/iranmedbank.info\/fr\/wp-json\/wp\/v2\/pages\/100","targetHints":{"allow":["GET"]}}],"collection":[{"href":"https:\/\/iranmedbank.info\/fr\/wp-json\/wp\/v2\/pages"}],"about":[{"href":"https:\/\/iranmedbank.info\/fr\/wp-json\/wp\/v2\/types\/page"}],"author":[{"embeddable":true,"href":"https:\/\/iranmedbank.info\/fr\/wp-json\/wp\/v2\/users\/1"}],"replies":[{"embeddable":true,"href":"https:\/\/iranmedbank.info\/fr\/wp-json\/wp\/v2\/comments?post=100"}],"version-history":[{"count":5,"href":"https:\/\/iranmedbank.info\/fr\/wp-json\/wp\/v2\/pages\/100\/revisions"}],"predecessor-version":[{"id":505,"href":"https:\/\/iranmedbank.info\/fr\/wp-json\/wp\/v2\/pages\/100\/revisions\/505"}],"up":[{"embeddable":true,"href":"https:\/\/iranmedbank.info\/fr\/wp-json\/wp\/v2\/pages\/87"}],"wp:featuredmedia":[{"embeddable":true,"href":"https:\/\/iranmedbank.info\/fr\/wp-json\/wp\/v2\/media\/102"}],"wp:attachment":[{"href":"https:\/\/iranmedbank.info\/fr\/wp-json\/wp\/v2\/media?parent=100"}],"curies":[{"name":"wp","href":"https:\/\/api.w.org\/{rel}","templated":true}]}}