{"id":197,"date":"2025-09-27T13:43:34","date_gmt":"2025-09-27T11:43:34","guid":{"rendered":"https:\/\/iranmedbank.info\/fr\/?page_id=197"},"modified":"2025-11-15T15:28:25","modified_gmt":"2025-11-15T14:28:25","slug":"dental-implants","status":"publish","type":"page","link":"https:\/\/iranmedbank.info\/fr\/medical-treatments\/dental-implants\/","title":{"rendered":"Implant Dentaire en Iran"},"content":{"rendered":"\t\t<div data-elementor-type=\"wp-page\" data-elementor-id=\"197\" class=\"elementor elementor-197\" data-elementor-post-type=\"page\">\n\t\t\t\t<div class=\"elementor-element elementor-element-61032f47 e-con-full e-flex e-con e-parent\" data-id=\"61032f47\" data-element_type=\"container\" data-settings=\"{&quot;background_background&quot;:&quot;classic&quot;}\">\n\t\t\t\t<div class=\"elementor-element elementor-element-1e93c144 elementor--h-position-left elementor--v-position-middle elementor-arrows-position-inside elementor-pagination-position-inside elementor-widget elementor-widget-slides\" data-id=\"1e93c144\" data-element_type=\"widget\" data-settings=\"{&quot;navigation&quot;:&quot;both&quot;,&quot;transition&quot;:&quot;slide&quot;,&quot;transition_speed&quot;:500}\" data-widget_type=\"slides.default\">\n\t\t\t\t\t\t\t\t\t\t<div class=\"elementor-slides-wrapper elementor-main-swiper swiper\" role=\"region\" aria-roledescription=\"carousel\" aria-label=\"Slider\" dir=\"ltr\" data-animation=\"fadeInUp\">\n\t\t\t\t<div class=\"swiper-wrapper elementor-slides\">\n\t\t\t\t\t\t\t\t\t\t<div class=\"elementor-repeater-item-70dd2f2 swiper-slide\" role=\"group\" aria-roledescription=\"slide\"><div class=\"swiper-slide-bg\" role=\"img\"><\/div><div class=\"swiper-slide-inner\" ><div class=\"swiper-slide-contents\"><div class=\"elementor-slide-heading\"><h1>Implant Dentaire en Iran<\/h1><\/div><\/div><\/div><\/div>\t\t\t\t<\/div>\n\t\t\t\t\t\t\t<\/div>\n\t\t\t\t\t\t\t\t<\/div>\n\t\t\t\t<\/div>\n\t\t\t\t<section class=\"elementor-section elementor-top-section elementor-element elementor-element-14d839cd elementor-section-stretched elementor-section-full_width elementor-section-height-default elementor-section-height-default\" data-id=\"14d839cd\" data-element_type=\"section\" data-settings=\"{&quot;stretch_section&quot;:&quot;section-stretched&quot;,&quot;background_background&quot;:&quot;classic&quot;}\">\n\t\t\t\t\t\t<div class=\"elementor-container elementor-column-gap-default\">\n\t\t\t\t\t<div class=\"elementor-column elementor-col-50 elementor-top-column elementor-element elementor-element-7667b12d elementor-invisible\" data-id=\"7667b12d\" data-element_type=\"column\" data-settings=\"{&quot;animation&quot;:&quot;fadeInUp&quot;}\">\n\t\t\t<div class=\"elementor-widget-wrap elementor-element-populated\">\n\t\t\t\t\t\t<section class=\"elementor-section elementor-inner-section elementor-element elementor-element-7330378b elementor-section-boxed elementor-section-height-default elementor-section-height-default\" data-id=\"7330378b\" data-element_type=\"section\">\n\t\t\t\t\t\t<div class=\"elementor-container elementor-column-gap-default\">\n\t\t\t\t\t<div class=\"elementor-column elementor-col-100 elementor-inner-column elementor-element elementor-element-4e03e06a\" data-id=\"4e03e06a\" data-element_type=\"column\">\n\t\t\t<div class=\"elementor-widget-wrap elementor-element-populated\">\n\t\t\t\t\t\t<div class=\"elementor-element elementor-element-370b8947 animated-fast elementor-widget elementor-widget-heading\" data-id=\"370b8947\" data-element_type=\"widget\" data-settings=\"{&quot;_animation&quot;:&quot;none&quot;,&quot;_animation_delay&quot;:300}\" data-widget_type=\"heading.default\">\n\t\t\t\t\t<h2 class=\"elementor-heading-title elementor-size-default\">Implants Dentaires en Iran : Une Vie de Sourires et de Confiance\n<\/h2>\t\t\t\t<\/div>\n\t\t\t\t<div class=\"elementor-element elementor-element-374d0d80 animated-fast elementor-widget elementor-widget-text-editor\" data-id=\"374d0d80\" data-element_type=\"widget\" data-settings=\"{&quot;_animation&quot;:&quot;none&quot;,&quot;_animation_delay&quot;:500}\" data-widget_type=\"text-editor.default\">\n\t\t\t\t\t\t\t\t\t<p>Profitez d\u2019une solution alliant innovation et prix accessible gr\u00e2ce aux implants dentaires en Iran. IranMedBank vous met en relation avec les meilleurs implantologues du pays, dans des cliniques accr\u00e9dit\u00e9es et \u00e9quip\u00e9es des derni\u00e8res technologies. Avec un taux de r\u00e9ussite sup\u00e9rieur \u00e0 98% et des mat\u00e9riaux approuv\u00e9s par la FDA, vous b\u00e9n\u00e9ficiez de soins de qualit\u00e9 mondiale en toute s\u00e9curit\u00e9.<\/p>\t\t\t\t\t\t\t\t<\/div>\n\t\t\t\t\t<\/div>\n\t\t<\/div>\n\t\t\t\t\t<\/div>\n\t\t<\/section>\n\t\t\t\t\t<\/div>\n\t\t<\/div>\n\t\t\t\t<div class=\"elementor-column elementor-col-50 elementor-top-column elementor-element elementor-element-595c0c93 elementor-invisible\" data-id=\"595c0c93\" data-element_type=\"column\" data-settings=\"{&quot;animation&quot;:&quot;slideInDown&quot;}\">\n\t\t\t<div class=\"elementor-widget-wrap elementor-element-populated\">\n\t\t\t\t\t\t<div class=\"elementor-element elementor-element-40fd2ffb elementor-widget elementor-widget-image\" data-id=\"40fd2ffb\" data-element_type=\"widget\" data-widget_type=\"image.default\">\n\t\t\t\t\t\t\t\t\t\t\t\t\t\t\t<img fetchpriority=\"high\" decoding=\"async\" width=\"800\" height=\"534\" src=\"https:\/\/iranmedbank.info\/fr\/wp-content\/uploads\/2025\/09\/cosmetic-1024x683.webp\" class=\"attachment-large size-large wp-image-200\" alt=\"\" srcset=\"https:\/\/iranmedbank.info\/fr\/wp-content\/uploads\/2025\/09\/cosmetic-1024x683.webp 1024w, https:\/\/iranmedbank.info\/fr\/wp-content\/uploads\/2025\/09\/cosmetic-300x200.webp 300w, https:\/\/iranmedbank.info\/fr\/wp-content\/uploads\/2025\/09\/cosmetic-768x512.webp 768w, https:\/\/iranmedbank.info\/fr\/wp-content\/uploads\/2025\/09\/cosmetic-1536x1025.webp 1536w, https:\/\/iranmedbank.info\/fr\/wp-content\/uploads\/2025\/09\/cosmetic.webp 2000w\" sizes=\"(max-width: 800px) 100vw, 800px\" \/>\t\t\t\t\t\t\t\t\t\t\t\t\t\t\t<\/div>\n\t\t\t\t\t<\/div>\n\t\t<\/div>\n\t\t\t\t\t<\/div>\n\t\t<\/section>\n\t\t<div class=\"elementor-element elementor-element-55c1f3e0 e-flex e-con-boxed e-con e-parent\" data-id=\"55c1f3e0\" data-element_type=\"container\">\n\t\t\t\t\t<div class=\"e-con-inner\">\n\t\t\t\t<div class=\"elementor-element elementor-element-211c8f5a elementor-widget elementor-widget-text-editor\" data-id=\"211c8f5a\" data-element_type=\"widget\" data-widget_type=\"text-editor.default\">\n\t\t\t\t\t\t\t\t\t<p><strong>Pourquoi choisir IranMedBank pour des implants dentaires fiables en Iran ?<\/strong><\/p>\n<ul>\n<li>Dentistes form\u00e9s dans les meilleures universit\u00e9s mondiales.<\/li>\n<li>Cliniques accr\u00e9dit\u00e9es JCI \u00e9quip\u00e9es en imagerie 3D et chirurgie guid\u00e9e.<\/li>\n<li>Consultation gratuite, devis pr\u00e9cis et t\u00e9moignages authentiques.<\/li>\n<li>Plus de milliers de patients \u00e9trangers satisfaits.<\/li>\n<\/ul>\n<p><strong>Implants Dentaires de Premier Ordre avec IranMedBank<\/strong><br \/>IranMedBank est le leader du tourisme m\u00e9dical dentaire. Gr\u00e2ce aux implants, les dents perdues sont remplac\u00e9es par des proth\u00e8ses durables et naturelles, restaurant ainsi pleinement l\u2019esth\u00e9tique et la fonction. Et cela jusqu\u2019\u00e0 70-80% moins cher qu\u2019en Europe ou aux \u00c9tats-Unis ! Des coordinations en anglais, des cliniques modernes \u00e0 T\u00e9h\u00e9ran et Mashhad, et des forfaits tout compris (vols, h\u00e9bergement et suivi) garantissent une exp\u00e9rience fluide.<\/p>\n<p><strong>Avantages des implants dentaires en Iran<\/strong><\/p>\n<ul>\n<li>Prix r\u00e9duits (600 \u00e0 1.000 USD par implant avec pilier et couronne, contre plus de 3.000 USD ailleurs).<\/li>\n<li>Marques reconnues (Straumann, Nobel Biocare).<\/li>\n<li>Proc\u00e9d\u00e9s modernes comme l\u2019imagerie 3D ou la chirurgie guid\u00e9e.<\/li>\n<li>Proc\u00e9dures mini-invasives et r\u00e9cup\u00e9ration rapide.<\/li>\n<li>R\u00e9habilitations compl\u00e8tes All-on-4\/All-on-6 d\u00e8s 4.000 USD.<\/li>\n<\/ul>\n<p><strong>Types d\u2019Implants Dentaires Offerts en Iran<\/strong><\/p>\n<ul>\n<li><strong>Endost\u00e9aux (Endosteal):<\/strong>\u00a0ins\u00e9r\u00e9s dans l\u2019os maxillaire.<\/li>\n<li><strong>Sous-p\u00e9riost\u00e9s:<\/strong>\u00a0pos\u00e9s pour les patients ayant une masse osseuse insuffisante.<\/li>\n<li><strong>All-on-4\/All-on-6:<\/strong>\u00a0pour restaurer toute une arcade avec un minimum d\u2019implants.<\/li>\n<\/ul>\n<p><strong>Le Processus \u00c9tape par \u00c9tape<\/strong><\/p>\n<ol>\n<li>Consultation gratuite en ligne.<\/li>\n<li>Examens CBCT 3D dans des centres certifi\u00e9s.<\/li>\n<li>Pose chirurgicale de l\u2019implant sous anesth\u00e9sie.<\/li>\n<li>Phase d\u2019ost\u00e9oint\u00e9gration (3-6 mois).<\/li>\n<li>Fixation de la couronne personnalis\u00e9e et suivi.<\/li>\n<\/ol>\n<p><strong>Taux de R\u00e9ussite et Suivi<\/strong><br \/>Avec des taux de r\u00e9ussite entre 95% et 98%, les h\u00f4pitaux iraniens suivent des protocoles stricts, offrent des garanties \u00e0 vie et un accompagnement personnalis\u00e9, incluant suivi \u00e0 distance et r\u00e9visions gratuites si n\u00e9cessaire.<\/p>\n<p><strong>\u00c9conomies et Tourisme M\u00e9dical<\/strong><br \/>Les patients b\u00e9n\u00e9ficient non seulement de soins abordables mais aussi de forfaits touristiques : visites culturelles, s\u00e9jours dans des h\u00f4tels 5 \u00e9toiles, excursion \u00e0 Pers\u00e9polis ou Ispahan.<\/p>\n<p><strong>T\u00e9moignages<\/strong><br \/>Des milliers de patients venus du monde entier t\u00e9moignent de leur satisfaction : confiance restaur\u00e9e, mastication retrouv\u00e9e et nouvelles opportunit\u00e9s sociales.<\/p>\n<p><strong>Pourquoi IranMedBank est votre partenaire id\u00e9al<\/strong><br \/>Nous combinons expertise mondiale, prix comp\u00e9titifs et accompagnement complet, depuis la premi\u00e8re consultation jusqu\u2019au suivi final.<\/p>\t\t\t\t\t\t\t\t<\/div>\n\t\t\t\t\t<\/div>\n\t\t\t\t<\/div>\n\t\t<div class=\"elementor-element elementor-element-24297c6c e-flex e-con-boxed e-con e-parent\" data-id=\"24297c6c\" data-element_type=\"container\" data-settings=\"{&quot;background_background&quot;:&quot;classic&quot;}\">\n\t\t\t\t\t<div class=\"e-con-inner\">\n\t\t\t\t<div class=\"elementor-element elementor-element-7aa8b4df elementor-widget elementor-widget-text-editor\" data-id=\"7aa8b4df\" data-element_type=\"widget\" data-widget_type=\"text-editor.default\">\n\t\t\t\t\t\t\t\t\t<p class=\"western\"><strong>Pr\u00eat \u00e0 retrouver votre sourire gr\u00e2ce aux implants dentaires en Iran ?<\/strong><br \/>Contactez IranMedBank d\u00e8s aujourd\u2019hui pour b\u00e9n\u00e9ficier de :<br \/>\u2714 Sp\u00e9cialistes certifi\u00e9s en implantologie.<br \/>\u2714 Cliniques accr\u00e9dit\u00e9es JCI.<br \/>\u2714 Assistance compl\u00e8te voyage + traitement.<\/p>\t\t\t\t\t\t\t\t<\/div>\n\t\t\t\t<div class=\"elementor-element elementor-element-2e0fc032 elementor-align-center elementor-widget elementor-widget-button\" data-id=\"2e0fc032\" data-element_type=\"widget\" data-widget_type=\"button.default\">\n\t\t\t\t\t\t\t\t\t\t<a class=\"elementor-button elementor-button-link elementor-size-sm\" href=\"https:\/\/wa.me\/+989106688921\" target=\"_blank\" rel=\"noopener\">\n\t\t\t\t\t\t<span class=\"elementor-button-content-wrapper\">\n\t\t\t\t\t\t\t\t\t<span class=\"elementor-button-text\">Consultation Gratuite<\/span>\n\t\t\t\t\t<\/span>\n\t\t\t\t\t<\/a>\n\t\t\t\t\t\t\t\t<\/div>\n\t\t\t\t\t<\/div>\n\t\t\t\t<\/div>\n\t\t\t\t<\/div>\n\t\t","protected":false},"excerpt":{"rendered":"<p>Implant Dentaire en Iran Implants Dentaires en Iran : Une Vie de Sourires et de Confiance Profitez d\u2019une solution alliant innovation et prix accessible gr\u00e2ce aux implants dentaires en Iran. IranMedBank vous met en relation avec les meilleurs implantologues du pays, dans des cliniques accr\u00e9dit\u00e9es et \u00e9quip\u00e9es des derni\u00e8res technologies. Avec un taux de r\u00e9ussite [&hellip;]<\/p>\n","protected":false},"author":1,"featured_media":207,"parent":140,"menu_order":0,"comment_status":"closed","ping_status":"closed","template":"elementor_header_footer","meta":{"footnotes":""},"class_list":["post-197","page","type-page","status-publish","has-post-thumbnail","hentry"],"_links":{"self":[{"href":"https:\/\/iranmedbank.info\/fr\/wp-json\/wp\/v2\/pages\/197","targetHints":{"allow":["GET"]}}],"collection":[{"href":"https:\/\/iranmedbank.info\/fr\/wp-json\/wp\/v2\/pages"}],"about":[{"href":"https:\/\/iranmedbank.info\/fr\/wp-json\/wp\/v2\/types\/page"}],"author":[{"embeddable":true,"href":"https:\/\/iranmedbank.info\/fr\/wp-json\/wp\/v2\/users\/1"}],"replies":[{"embeddable":true,"href":"https:\/\/iranmedbank.info\/fr\/wp-json\/wp\/v2\/comments?post=197"}],"version-history":[{"count":5,"href":"https:\/\/iranmedbank.info\/fr\/wp-json\/wp\/v2\/pages\/197\/revisions"}],"predecessor-version":[{"id":511,"href":"https:\/\/iranmedbank.info\/fr\/wp-json\/wp\/v2\/pages\/197\/revisions\/511"}],"up":[{"embeddable":true,"href":"https:\/\/iranmedbank.info\/fr\/wp-json\/wp\/v2\/pages\/140"}],"wp:featuredmedia":[{"embeddable":true,"href":"https:\/\/iranmedbank.info\/fr\/wp-json\/wp\/v2\/media\/207"}],"wp:attachment":[{"href":"https:\/\/iranmedbank.info\/fr\/wp-json\/wp\/v2\/media?parent=197"}],"curies":[{"name":"wp","href":"https:\/\/api.w.org\/{rel}","templated":true}]}}