{"id":246,"date":"2025-09-27T14:24:27","date_gmt":"2025-09-27T12:24:27","guid":{"rendered":"https:\/\/iranmedbank.info\/fr\/?page_id=246"},"modified":"2025-09-27T14:25:32","modified_gmt":"2025-09-27T12:25:32","slug":"rhinoplasty-in-iran","status":"publish","type":"page","link":"https:\/\/iranmedbank.info\/fr\/medical-treatments\/rhinoplasty-in-iran\/","title":{"rendered":"Rhinoplastie en Iran"},"content":{"rendered":"\t\t<div data-elementor-type=\"wp-page\" data-elementor-id=\"246\" class=\"elementor elementor-246\" data-elementor-post-type=\"page\">\n\t\t\t\t<div class=\"elementor-element elementor-element-6f5aa098 e-con-full e-flex e-con e-parent\" data-id=\"6f5aa098\" data-element_type=\"container\" data-settings=\"{&quot;background_background&quot;:&quot;classic&quot;}\">\n\t\t\t\t<div class=\"elementor-element elementor-element-417ee39c elementor--h-position-left elementor--v-position-middle elementor-arrows-position-inside elementor-pagination-position-inside elementor-widget elementor-widget-slides\" data-id=\"417ee39c\" data-element_type=\"widget\" data-settings=\"{&quot;navigation&quot;:&quot;both&quot;,&quot;transition&quot;:&quot;slide&quot;,&quot;transition_speed&quot;:500}\" data-widget_type=\"slides.default\">\n\t\t\t\t\t\t\t\t\t\t<div class=\"elementor-slides-wrapper elementor-main-swiper swiper\" role=\"region\" aria-roledescription=\"carousel\" aria-label=\"Slider\" dir=\"ltr\" data-animation=\"fadeInUp\">\n\t\t\t\t<div class=\"swiper-wrapper elementor-slides\">\n\t\t\t\t\t\t\t\t\t\t<div class=\"elementor-repeater-item-70dd2f2 swiper-slide\" role=\"group\" aria-roledescription=\"slide\"><div class=\"swiper-slide-bg\" role=\"img\"><\/div><div class=\"swiper-slide-inner\" ><div class=\"swiper-slide-contents\"><div class=\"elementor-slide-heading\"><h1>Rhinoplastie en Iran<\/h1><\/div><\/div><\/div><\/div>\t\t\t\t<\/div>\n\t\t\t\t\t\t\t<\/div>\n\t\t\t\t\t\t\t\t<\/div>\n\t\t\t\t<\/div>\n\t\t\t\t<section class=\"elementor-section elementor-top-section elementor-element elementor-element-1af64f8a elementor-section-stretched elementor-section-full_width elementor-section-height-default elementor-section-height-default\" data-id=\"1af64f8a\" data-element_type=\"section\" data-settings=\"{&quot;stretch_section&quot;:&quot;section-stretched&quot;,&quot;background_background&quot;:&quot;classic&quot;}\">\n\t\t\t\t\t\t<div class=\"elementor-container elementor-column-gap-default\">\n\t\t\t\t\t<div class=\"elementor-column elementor-col-50 elementor-top-column elementor-element elementor-element-4cba70f4 elementor-invisible\" data-id=\"4cba70f4\" data-element_type=\"column\" data-settings=\"{&quot;animation&quot;:&quot;fadeInUp&quot;}\">\n\t\t\t<div class=\"elementor-widget-wrap elementor-element-populated\">\n\t\t\t\t\t\t<section class=\"elementor-section elementor-inner-section elementor-element elementor-element-3a8453a5 elementor-section-boxed elementor-section-height-default elementor-section-height-default\" data-id=\"3a8453a5\" data-element_type=\"section\">\n\t\t\t\t\t\t<div class=\"elementor-container elementor-column-gap-default\">\n\t\t\t\t\t<div class=\"elementor-column elementor-col-100 elementor-inner-column elementor-element elementor-element-1902277e\" data-id=\"1902277e\" data-element_type=\"column\">\n\t\t\t<div class=\"elementor-widget-wrap elementor-element-populated\">\n\t\t\t\t\t\t<div class=\"elementor-element elementor-element-878798c animated-fast elementor-widget elementor-widget-heading\" data-id=\"878798c\" data-element_type=\"widget\" data-settings=\"{&quot;_animation&quot;:&quot;none&quot;,&quot;_animation_delay&quot;:300}\" data-widget_type=\"heading.default\">\n\t\t\t\t\t<h2 class=\"elementor-heading-title elementor-size-default\">Rhinoplastie en Iran\n<\/h2>\t\t\t\t<\/div>\n\t\t\t\t<div class=\"elementor-element elementor-element-1ac4306c animated-fast elementor-widget elementor-widget-text-editor\" data-id=\"1ac4306c\" data-element_type=\"widget\" data-settings=\"{&quot;_animation&quot;:&quot;none&quot;,&quot;_animation_delay&quot;:500}\" data-widget_type=\"text-editor.default\">\n\t\t\t\t\t\t\t\t\t<p>Redessinez votre beaut\u00e9 gr\u00e2ce \u00e0 la rhinoplastie en Iran : des r\u00e9sultats naturels et abordables r\u00e9alis\u00e9s par des experts de renomm\u00e9e mondiale.<\/p><p>L\u2019Iran est reconnu comme la\u00a0<em>capitale mondiale de la rhinoplastie<\/em>, en raison du savoir-faire exceptionnel de ses chirurgiens et du volume \u00e9lev\u00e9 d\u2019op\u00e9rations effectu\u00e9es chaque ann\u00e9e. Avec Iran Medbank, vous acc\u00e9dez \u00e0 des cliniques accr\u00e9dit\u00e9es JCI, \u00e0 des technologies modernes et \u00e0 des chirurgiens certifi\u00e9s offrant des r\u00e9sultats personnalis\u00e9s et harmonieux.<\/p><p>Les prix en Iran sont environ 70\u201380 % inf\u00e9rieurs \u00e0 ceux pratiqu\u00e9s en Europe ou aux \u00c9tats-Unis. La rhinoplastie y d\u00e9marre d\u00e8s\u00a0<strong>$1,200<\/strong>, incluant l\u2019\u00e9valuation pr\u00e9op\u00e9ratoire, l\u2019intervention et le suivi postop\u00e9ratoire. Tout cela dans un cadre s\u00e9curis\u00e9, transparent et accompagn\u00e9 d\u2019\u00e9quipes parlant anglais ou fran\u00e7ais.<\/p>\t\t\t\t\t\t\t\t<\/div>\n\t\t\t\t\t<\/div>\n\t\t<\/div>\n\t\t\t\t\t<\/div>\n\t\t<\/section>\n\t\t\t\t\t<\/div>\n\t\t<\/div>\n\t\t\t\t<div class=\"elementor-column elementor-col-50 elementor-top-column elementor-element elementor-element-3eca8ad7 elementor-invisible\" data-id=\"3eca8ad7\" data-element_type=\"column\" data-settings=\"{&quot;animation&quot;:&quot;slideInDown&quot;}\">\n\t\t\t<div class=\"elementor-widget-wrap elementor-element-populated\">\n\t\t\t\t\t\t<div class=\"elementor-element elementor-element-afafb5a elementor-widget elementor-widget-image\" data-id=\"afafb5a\" data-element_type=\"widget\" data-widget_type=\"image.default\">\n\t\t\t\t\t\t\t\t\t\t\t\t\t\t\t<img fetchpriority=\"high\" decoding=\"async\" width=\"800\" height=\"534\" src=\"https:\/\/iranmedbank.info\/fr\/wp-content\/uploads\/2025\/09\/rhinoplasty-1024x683.webp\" class=\"attachment-large size-large wp-image-249\" alt=\"\" srcset=\"https:\/\/iranmedbank.info\/fr\/wp-content\/uploads\/2025\/09\/rhinoplasty-1024x683.webp 1024w, https:\/\/iranmedbank.info\/fr\/wp-content\/uploads\/2025\/09\/rhinoplasty-300x200.webp 300w, https:\/\/iranmedbank.info\/fr\/wp-content\/uploads\/2025\/09\/rhinoplasty-768x512.webp 768w, https:\/\/iranmedbank.info\/fr\/wp-content\/uploads\/2025\/09\/rhinoplasty-1536x1025.webp 1536w, https:\/\/iranmedbank.info\/fr\/wp-content\/uploads\/2025\/09\/rhinoplasty.webp 2000w\" sizes=\"(max-width: 800px) 100vw, 800px\" \/>\t\t\t\t\t\t\t\t\t\t\t\t\t\t\t<\/div>\n\t\t\t\t\t<\/div>\n\t\t<\/div>\n\t\t\t\t\t<\/div>\n\t\t<\/section>\n\t\t<div class=\"elementor-element elementor-element-70275ae9 e-flex e-con-boxed e-con e-parent\" data-id=\"70275ae9\" data-element_type=\"container\">\n\t\t\t\t\t<div class=\"e-con-inner\">\n\t\t\t\t<div class=\"elementor-element elementor-element-669507eb elementor-widget elementor-widget-text-editor\" data-id=\"669507eb\" data-element_type=\"widget\" data-widget_type=\"text-editor.default\">\n\t\t\t\t\t\t\t\t\t<h2>Avantages de choisir la rhinoplastie en Iran<\/h2><ul><li><strong>Chirurgiens hautement exp\u00e9riment\u00e9s<\/strong>\u00a0avec des milliers de succ\u00e8s.<\/li><li><strong>R\u00e9sultats naturels et personnalis\u00e9s<\/strong>, esth\u00e9tiques et fonctionnels.<\/li><li><strong>Tarifs accessibles<\/strong>, jusqu\u2019\u00e0 80 % de r\u00e9duction par rapport \u00e0 l\u2019Occident.<\/li><li><strong>Forfaits complets<\/strong>\u00a0: consultation, transferts, h\u00e9bergement et suivi.<\/li><li><strong>Temps de r\u00e9cup\u00e9ration rapide<\/strong>, gr\u00e2ce aux techniques modernes.<\/li><\/ul><h2>\u00c9tapes de la rhinoplastie avec Iran Medbank<\/h2><ol><li><strong>\u00c9valuation en ligne gratuite<\/strong>\u00a0: photos et conception num\u00e9rique.<\/li><li><strong>Arriv\u00e9e en Iran<\/strong>\u00a0: bilans m\u00e9dicaux et plan d\u00e9taill\u00e9.<\/li><li><strong>Chirurgie<\/strong>\u00a0sous anesth\u00e9sie (1\u20133 heures).<\/li><li><strong>R\u00e9cup\u00e9ration initiale<\/strong>\u00a0: sortie le m\u00eame jour ou le lendemain.<\/li><li><strong>Contr\u00f4les<\/strong>\u00a0: retrait de l\u2019attelle apr\u00e8s 1 semaine.<\/li><\/ol><p>Forfaits \u00e0 partir de\u00a0<strong><span class=\"katex\"><span class=\"katex-mathml\">1,200\u2013<\/span><span class=\"katex-html\" aria-hidden=\"true\"><span class=\"base\"><span class=\"mord\">1<\/span><span class=\"mpunct\">,<\/span><span class=\"mord\">200\u2013<\/span><\/span><\/span><\/span>2,500<\/strong>\u00a0selon la complexit\u00e9.<\/p><h2>Types de rhinoplastie disponibles en Iran<\/h2><ul><li><strong>Esth\u00e9tique<\/strong>\u00a0: am\u00e9lioration du visage.<\/li><li><strong>Fonctionnelle<\/strong>\u00a0: corriger la respiration.<\/li><li><strong>Secondaire\/revision<\/strong>.<\/li><li><strong>Ethnique<\/strong>\u00a0: respect des traits naturels.<\/li><li><strong>Septoplastie<\/strong>\u00a0: correction de la cloison nasale.<\/li><\/ul><h2>T\u00e9moignages de patients<\/h2><p>\u201cMon nez para\u00eet naturel, et je respire beaucoup mieux. Le co\u00fbt \u00e9tait un tiers de celui demand\u00e9 en Europe.\u201d \u2013\u00a0<em>Patiente de France.<\/em><\/p><p>La rhinoplastie en Iran attire chaque ann\u00e9e des milliers de patients satisfaits.<\/p>\t\t\t\t\t\t\t\t<\/div>\n\t\t\t\t\t<\/div>\n\t\t\t\t<\/div>\n\t\t<div class=\"elementor-element elementor-element-2de659bd e-flex e-con-boxed e-con e-parent\" data-id=\"2de659bd\" data-element_type=\"container\" data-settings=\"{&quot;background_background&quot;:&quot;classic&quot;}\">\n\t\t\t\t\t<div class=\"e-con-inner\">\n\t\t\t\t<div class=\"elementor-element elementor-element-e64e9a4 elementor-widget elementor-widget-text-editor\" data-id=\"e64e9a4\" data-element_type=\"widget\" data-widget_type=\"text-editor.default\">\n\t\t\t\t\t\t\t\t\t<h2>Pourquoi Iran Medbank est votre meilleur partenaire pour la rhinoplastie<\/h2><p>Iran Medbank garantit une exp\u00e9rience simple et s\u00e9curis\u00e9e, avec des experts de haut niveau et un soutien complet \u00e0 chaque \u00e9tape.<\/p><p>\u2714 Chirurgiens plasticiens renomm\u00e9s<br \/>\u2714 Cliniques accr\u00e9dit\u00e9es internationalement<br \/>\u2714 Forfaits tout compris (voyage + chirurgie + soins)<\/p>\t\t\t\t\t\t\t\t<\/div>\n\t\t\t\t<div class=\"elementor-element elementor-element-23aa8c59 elementor-align-center elementor-widget elementor-widget-button\" data-id=\"23aa8c59\" data-element_type=\"widget\" data-widget_type=\"button.default\">\n\t\t\t\t\t\t\t\t\t\t<a class=\"elementor-button elementor-button-link elementor-size-sm\" href=\"https:\/\/wa.me\/+989106688921\" target=\"_blank\" rel=\"noopener\">\n\t\t\t\t\t\t<span class=\"elementor-button-content-wrapper\">\n\t\t\t\t\t\t\t\t\t<span class=\"elementor-button-text\">Consultation gratuite disponible<\/span>\n\t\t\t\t\t<\/span>\n\t\t\t\t\t<\/a>\n\t\t\t\t\t\t\t\t<\/div>\n\t\t\t\t\t<\/div>\n\t\t\t\t<\/div>\n\t\t\t\t<\/div>\n\t\t","protected":false},"excerpt":{"rendered":"<p>Rhinoplastie en Iran Rhinoplastie en Iran Redessinez votre beaut\u00e9 gr\u00e2ce \u00e0 la rhinoplastie en Iran : des r\u00e9sultats naturels et abordables r\u00e9alis\u00e9s par des experts de renomm\u00e9e mondiale. L\u2019Iran est reconnu comme la\u00a0capitale mondiale de la rhinoplastie, en raison du savoir-faire exceptionnel de ses chirurgiens et du volume \u00e9lev\u00e9 d\u2019op\u00e9rations effectu\u00e9es chaque ann\u00e9e. Avec Iran [&hellip;]<\/p>\n","protected":false},"author":1,"featured_media":0,"parent":140,"menu_order":0,"comment_status":"closed","ping_status":"closed","template":"elementor_header_footer","meta":{"footnotes":""},"class_list":["post-246","page","type-page","status-publish","hentry"],"_links":{"self":[{"href":"https:\/\/iranmedbank.info\/fr\/wp-json\/wp\/v2\/pages\/246","targetHints":{"allow":["GET"]}}],"collection":[{"href":"https:\/\/iranmedbank.info\/fr\/wp-json\/wp\/v2\/pages"}],"about":[{"href":"https:\/\/iranmedbank.info\/fr\/wp-json\/wp\/v2\/types\/page"}],"author":[{"embeddable":true,"href":"https:\/\/iranmedbank.info\/fr\/wp-json\/wp\/v2\/users\/1"}],"replies":[{"embeddable":true,"href":"https:\/\/iranmedbank.info\/fr\/wp-json\/wp\/v2\/comments?post=246"}],"version-history":[{"count":4,"href":"https:\/\/iranmedbank.info\/fr\/wp-json\/wp\/v2\/pages\/246\/revisions"}],"predecessor-version":[{"id":254,"href":"https:\/\/iranmedbank.info\/fr\/wp-json\/wp\/v2\/pages\/246\/revisions\/254"}],"up":[{"embeddable":true,"href":"https:\/\/iranmedbank.info\/fr\/wp-json\/wp\/v2\/pages\/140"}],"wp:attachment":[{"href":"https:\/\/iranmedbank.info\/fr\/wp-json\/wp\/v2\/media?parent=246"}],"curies":[{"name":"wp","href":"https:\/\/api.w.org\/{rel}","templated":true}]}}